{"id":72,"date":"2018-10-24T22:54:21","date_gmt":"2018-10-24T22:54:21","guid":{"rendered":"https:\/\/davidstrauss.site\/?page_id=72"},"modified":"2018-10-24T22:54:25","modified_gmt":"2018-10-24T22:54:25","slug":"wer-ist-ich-wer-sind-wir","status":"publish","type":"page","link":"https:\/\/davidstrauss.site\/?page_id=72","title":{"rendered":"Wer ist ICH? Wer sind WIR?"},"content":{"rendered":"\n<p>Wer sind wir? Was definiert uns? Was macht UNS zu UNS im Vergleich zu den anderen??<\/p>\n\n\n\n<p>Erster Versuch:<br>Ich bin WIR. Klar, ich bin ich. Und wer nicht ich bin, sind wir nicht. Ihre Welten sind anders, ich kann nicht f\u00fchlen, was sie f\u00fchlen. Daher sind sie nicht ich. Und sie sind nicht wir.<br>Warum erweitern wir dann die Rechte und Pflichten, die wir uns selbst auferlegen, auf andere? Warum habe ich das Gef\u00fchl, dass meine Familie, Freunde usw. die gleichen Rechte verdienen, die ich verdiene? Durch die Ausweitung dieser Rechte (und Pflichten) auf andere wird klar, dass ich nicht wir bin. Ich bin ein Teil von WIR. Aber ich definiere nicht das ganze WIR.<\/p>\n\n\n\n<p>Zweiter Versuch:<br>Meine Familie (und evtl. Freunde) sind wir. Klar, ich bin ein Teil von uns. Meine Familie ist die Erweiterung von mir selbst, und ich dehne auf sie die Rechte aus, die ich f\u00fcr mich haben m\u00f6chte.<br>Warum erweitere ich die Rechte noch einmal auf Freunde und manchmal auch auf Fremde? Warum f\u00fchle ich mich oft schlecht, wenn ich diese Rechte nicht auf jemanden ausweite? Was sollte das entscheidende Kriterium sein, wenn WIR Familie ist? Die Definition von WIR: &#8220;Zugeh\u00f6rigkeit zur Familie Strauss&#8221;. Warum nicht eine andere Familie? Die blo\u00dfe Willk\u00fcr dieser Definition von WIR l\u00e4\u00dft mich zittern.<\/p>\n\n\n\n<p>Dritter (und vierter bis zehnter) Versuche:<br>Meine Nation ist WIR. (Meine Religion ist WIR. Meine Hautfarbe ist WIR. Meine Region ist WIR. Mein Geschlecht ist WIR. Meine politische Partei ist WIR. Meine soziale Klasse ist WIR. Meine Blutgruppe ist WIR.)<br>Dies sind alles Erweiterungen des Konzeptes ICH um einige Menschen, die bestimmte Eigenschaften mit mir teilen. In jeder dieser Definitionen sind die anderen uns sehr \u00e4hnlich. Wird jemand zu uns, wenn er in meine Region zieht? Oder zu meiner Religion konvertiert? Andererseits, verliert jemand den Status von WIR wenn er aus meiner Region wegzieht? <br><\/p>\n\n\n\n<p>Elfter Versuch:<br>Die ganze Menschheit sind WIR.<br>Dies scheint eine vern\u00fcnftige Annahme zu sein, immun gegen alle Einw\u00e4nde, die fr\u00fchere Definitionen von uns verlangten. Was ist jedoch das entscheidende Kriterium?<br>Bewusstsein? Was w\u00fcrden wir \u00fcber einen Menschen sagen, der nicht bei Bewusstsein ist? W\u00e4ren er nicht WIR? Ein Mensch, der wie wir geht, atmet wie wir, redet wie wir, f\u00fchlt wie wir. Aber all diese Dinge unbewusst tun. W\u00fcrde er aufh\u00f6ren WIR zu sein? W\u00fcrden wir auf ihn nicht die gleichen Menschenrechte anwenden? Wenn wir bedenken, dass der Grad des Bewusstseins unter den Menschen variiert, und wir selbst oft unbewusst handeln, erscheint das Kriterium Bewusstsein falsch.<br>Die F\u00e4higkeit, Schmerz und Freude zu f\u00fchlen? Was w\u00fcrden wir \u00fcber einen Menschen sagen, der weder Schmerz noch Freude empfinden kann? W\u00fcrde er aufh\u00f6ren, WIR zu sein? W\u00fcrden wir verschiedene Gesetze auf ihn anwenden? Viele Menschen erleben Schmerz und Freude sehr unterschiedlich. Ein Mensch unf\u00e4hig zur Freude, w\u00fcrde uns wohl leid tun. Jedoch nicht aufh\u00f6ren die selben Rechte zu geniessen.<br>Am Leben sein? Was w\u00fcrden wir \u00fcber einen Menschen sagen, der nicht lebt? W\u00fcrde er aufh\u00f6ren, WIR zu sein? H\u00f6ren wir auf, die gleichen Rechte auf eine Person auszudehnen, die nicht mehr lebtt? Scheinbar&#8230;&#8230; Was bedeutet das im Umkehrschluss?<\/p>\n\n\n\n<p>Zw\u00f6lfter Versuch:<br>Alles Leben ist WIR.<\/p>\n","protected":false},"excerpt":{"rendered":"<p>Wer sind wir? Was definiert uns? Was macht UNS zu UNS im Vergleich zu den anderen?? Erster Versuch:Ich bin WIR. Klar, ich bin ich. Und wer nicht ich bin, sind wir nicht. Ihre Welten sind anders, ich kann nicht f\u00fchlen, was sie f\u00fchlen. Daher sind sie nicht ich. Und sie sind nicht wir.Warum erweitern wir dann die Rechte und Pflichten, die wir uns selbst auferlegen, auf andere? Warum habe ich<\/p>\n<div class=\"read-more\"><a class=\"btn read-more-btn\" href=\"https:\/\/davidstrauss.site\/?page_id=72\">Read More<\/a><\/div>\n","protected":false},"author":1,"featured_media":0,"parent":0,"menu_order":0,"comment_status":"closed","ping_status":"closed","template":"","meta":{"nf_dc_page":"","_monsterinsights_skip_tracking":false,"_monsterinsights_sitenote_active":false,"_monsterinsights_sitenote_note":"","_monsterinsights_sitenote_category":0,"ngg_post_thumbnail":0,"footnotes":""},"class_list":["post-72","page","type-page","status-publish","hentry"],"yoast_head":"<!-- This site is optimized with the Yoast SEO plugin v24.9 - https:\/\/yoast.com\/wordpress\/plugins\/seo\/ -->\n<title>Wer ist ICH? Wer sind WIR? - David Strauss<\/title>\n<meta name=\"robots\" content=\"index, follow, max-snippet:-1, max-image-preview:large, max-video-preview:-1\" \/>\n<link rel=\"canonical\" href=\"https:\/\/davidstrauss.site\/?page_id=72\" \/>\n<meta property=\"og:locale\" content=\"en_US\" \/>\n<meta property=\"og:type\" content=\"article\" \/>\n<meta property=\"og:title\" content=\"Wer ist ICH? Wer sind WIR? - David Strauss\" \/>\n<meta property=\"og:description\" content=\"Wer sind wir? Was definiert uns? Was macht UNS zu UNS im Vergleich zu den anderen?? Erster Versuch:Ich bin WIR. Klar, ich bin ich. Und wer nicht ich bin, sind wir nicht. Ihre Welten sind anders, ich kann nicht f\u00fchlen, was sie f\u00fchlen. Daher sind sie nicht ich. Und sie sind nicht wir.Warum erweitern wir dann die Rechte und Pflichten, die wir uns selbst auferlegen, auf andere? Warum habe ichRead More\" \/>\n<meta property=\"og:url\" content=\"https:\/\/davidstrauss.site\/?page_id=72\" \/>\n<meta property=\"og:site_name\" content=\"David Strauss\" \/>\n<meta property=\"article:modified_time\" content=\"2018-10-24T22:54:25+00:00\" \/>\n<meta name=\"twitter:card\" content=\"summary_large_image\" \/>\n<meta name=\"twitter:label1\" content=\"Est. reading time\" \/>\n\t<meta name=\"twitter:data1\" content=\"3 minutes\" \/>\n<script type=\"application\/ld+json\" class=\"yoast-schema-graph\">{\"@context\":\"https:\/\/schema.org\",\"@graph\":[{\"@type\":\"WebPage\",\"@id\":\"https:\/\/davidstrauss.site\/?page_id=72\",\"url\":\"https:\/\/davidstrauss.site\/?page_id=72\",\"name\":\"Wer ist ICH? Wer sind WIR? - David Strauss\",\"isPartOf\":{\"@id\":\"https:\/\/davidstrauss.site\/#website\"},\"datePublished\":\"2018-10-24T22:54:21+00:00\",\"dateModified\":\"2018-10-24T22:54:25+00:00\",\"breadcrumb\":{\"@id\":\"https:\/\/davidstrauss.site\/?page_id=72#breadcrumb\"},\"inLanguage\":\"en-US\",\"potentialAction\":[{\"@type\":\"ReadAction\",\"target\":[\"https:\/\/davidstrauss.site\/?page_id=72\"]}]},{\"@type\":\"BreadcrumbList\",\"@id\":\"https:\/\/davidstrauss.site\/?page_id=72#breadcrumb\",\"itemListElement\":[{\"@type\":\"ListItem\",\"position\":1,\"name\":\"Home\",\"item\":\"https:\/\/davidstrauss.site\/\"},{\"@type\":\"ListItem\",\"position\":2,\"name\":\"Wer ist ICH? Wer sind WIR?\"}]},{\"@type\":\"WebSite\",\"@id\":\"https:\/\/davidstrauss.site\/#website\",\"url\":\"https:\/\/davidstrauss.site\/\",\"name\":\"David Strauss\",\"description\":\"Painting for life\",\"potentialAction\":[{\"@type\":\"SearchAction\",\"target\":{\"@type\":\"EntryPoint\",\"urlTemplate\":\"https:\/\/davidstrauss.site\/?s={search_term_string}\"},\"query-input\":{\"@type\":\"PropertyValueSpecification\",\"valueRequired\":true,\"valueName\":\"search_term_string\"}}],\"inLanguage\":\"en-US\"}]}<\/script>\n<!-- \/ Yoast SEO plugin. -->","yoast_head_json":{"title":"Wer ist ICH? Wer sind WIR? - David Strauss","robots":{"index":"index","follow":"follow","max-snippet":"max-snippet:-1","max-image-preview":"max-image-preview:large","max-video-preview":"max-video-preview:-1"},"canonical":"https:\/\/davidstrauss.site\/?page_id=72","og_locale":"en_US","og_type":"article","og_title":"Wer ist ICH? Wer sind WIR? - David Strauss","og_description":"Wer sind wir? Was definiert uns? Was macht UNS zu UNS im Vergleich zu den anderen?? Erster Versuch:Ich bin WIR. Klar, ich bin ich. Und wer nicht ich bin, sind wir nicht. Ihre Welten sind anders, ich kann nicht f\u00fchlen, was sie f\u00fchlen. Daher sind sie nicht ich. Und sie sind nicht wir.Warum erweitern wir dann die Rechte und Pflichten, die wir uns selbst auferlegen, auf andere? Warum habe ichRead More","og_url":"https:\/\/davidstrauss.site\/?page_id=72","og_site_name":"David Strauss","article_modified_time":"2018-10-24T22:54:25+00:00","twitter_card":"summary_large_image","twitter_misc":{"Est. reading time":"3 minutes"},"schema":{"@context":"https:\/\/schema.org","@graph":[{"@type":"WebPage","@id":"https:\/\/davidstrauss.site\/?page_id=72","url":"https:\/\/davidstrauss.site\/?page_id=72","name":"Wer ist ICH? Wer sind WIR? - David Strauss","isPartOf":{"@id":"https:\/\/davidstrauss.site\/#website"},"datePublished":"2018-10-24T22:54:21+00:00","dateModified":"2018-10-24T22:54:25+00:00","breadcrumb":{"@id":"https:\/\/davidstrauss.site\/?page_id=72#breadcrumb"},"inLanguage":"en-US","potentialAction":[{"@type":"ReadAction","target":["https:\/\/davidstrauss.site\/?page_id=72"]}]},{"@type":"BreadcrumbList","@id":"https:\/\/davidstrauss.site\/?page_id=72#breadcrumb","itemListElement":[{"@type":"ListItem","position":1,"name":"Home","item":"https:\/\/davidstrauss.site\/"},{"@type":"ListItem","position":2,"name":"Wer ist ICH? Wer sind WIR?"}]},{"@type":"WebSite","@id":"https:\/\/davidstrauss.site\/#website","url":"https:\/\/davidstrauss.site\/","name":"David Strauss","description":"Painting for life","potentialAction":[{"@type":"SearchAction","target":{"@type":"EntryPoint","urlTemplate":"https:\/\/davidstrauss.site\/?s={search_term_string}"},"query-input":{"@type":"PropertyValueSpecification","valueRequired":true,"valueName":"search_term_string"}}],"inLanguage":"en-US"}]}},"_links":{"self":[{"href":"https:\/\/davidstrauss.site\/index.php?rest_route=\/wp\/v2\/pages\/72","targetHints":{"allow":["GET"]}}],"collection":[{"href":"https:\/\/davidstrauss.site\/index.php?rest_route=\/wp\/v2\/pages"}],"about":[{"href":"https:\/\/davidstrauss.site\/index.php?rest_route=\/wp\/v2\/types\/page"}],"author":[{"embeddable":true,"href":"https:\/\/davidstrauss.site\/index.php?rest_route=\/wp\/v2\/users\/1"}],"replies":[{"embeddable":true,"href":"https:\/\/davidstrauss.site\/index.php?rest_route=%2Fwp%2Fv2%2Fcomments&post=72"}],"version-history":[{"count":1,"href":"https:\/\/davidstrauss.site\/index.php?rest_route=\/wp\/v2\/pages\/72\/revisions"}],"predecessor-version":[{"id":73,"href":"https:\/\/davidstrauss.site\/index.php?rest_route=\/wp\/v2\/pages\/72\/revisions\/73"}],"wp:attachment":[{"href":"https:\/\/davidstrauss.site\/index.php?rest_route=%2Fwp%2Fv2%2Fmedia&parent=72"}],"curies":[{"name":"wp","href":"https:\/\/api.w.org\/{rel}","templated":true}]}}