{"id":35,"date":"2018-10-24T16:38:51","date_gmt":"2018-10-24T16:38:51","guid":{"rendered":"https:\/\/davidstrauss.site\/?page_id=35"},"modified":"2024-01-30T11:36:27","modified_gmt":"2024-01-30T11:36:27","slug":"uber-mich","status":"publish","type":"page","link":"https:\/\/davidstrauss.site\/?page_id=35","title":{"rendered":"\u00dcber mich:"},"content":{"rendered":"\r\n<p>Mein Name ist Dr. David Strauss, K\u00fcnstler, Maler, Leben. Nach Schule und Milit\u00e4rdienst studierte ich VWL und Philosophie in T\u00fcbingen, bevor ich zum PhD (Doktor) in VWL an das europ\u00e4ische Hochschulinstitut (<a href=\"http:\/\/www.eui.eu\">EUI<\/a>) in Florenz ging. Von 2014 bis 2018 war ich als VWL-Professor an einer Universit\u00e4t in Mexiko-Stadt (<a href=\"http:\/\/www.cide.edu\">CIDE<\/a>). Seit 2018 sehe ich mich als Denker, K\u00fcnstler, Maler, Leben.<br><\/p>\r\n\r\n\r\n<p>Im Jahr 2019 habe ich einen alten Lastwagen in ein mobiles Zuhause umgewandelt, um als Maler, Philosoph, \u00d6konom und Denker autark zu leben. Ich bin kein verr\u00fcckter Reisender, da mir vollkommen bewusst ist, dass mehr als etwa 10 kg CO2-Emissionen pro Tag pro Person nicht nachhaltig sind.\r\nDas auf Nahrung, Heizung, Konsumbedarf, Malutensilien und Transport aufzuteilen, erlaubt mir keine Budget\u00fcberschreitung von mehr als 3000 km pro Jahr. Wie gesagt, ich m\u00f6chte wirklich nach meinen Worten leben.<\/p>\r\n\r\n\r\n\r\n\r\n<p>Meine erste Ausstellung war eine Gruppenausstellung in der Autoren Galerie in M\u00fcnchen, vom 2.11.2018 &#8211; 16.11.2018. (Bild: When did we go wrong? &#8211; Ort: <a href=\"http:\/\/autorengalerie1-muenchen.de\/\">Autorengalerie M\u00fcnchen<\/a> )<\/p>\r\n\r\n\r\n\r\n<p>Hier geht es zur\u00fcck zur <a href=\"https:\/\/davidstrauss.site\/\">Homepage.<\/a><br><\/p>\r\n","protected":false},"excerpt":{"rendered":"<p>Mein Name ist Dr. David Strauss, K\u00fcnstler, Maler, Leben. Nach Schule und Milit\u00e4rdienst studierte ich VWL und Philosophie in T\u00fcbingen, bevor ich zum PhD (Doktor) in VWL an das europ\u00e4ische Hochschulinstitut (EUI) in Florenz ging. Von 2014 bis 2018 war ich als VWL-Professor an einer Universit\u00e4t in Mexiko-Stadt (CIDE). Seit 2018 sehe ich mich als Denker, K\u00fcnstler, Maler, Leben. Im Jahr 2019 habe ich einen alten Lastwagen in ein mobiles<\/p>\n<div class=\"read-more\"><a class=\"btn read-more-btn\" href=\"https:\/\/davidstrauss.site\/?page_id=35\">Read More<\/a><\/div>\n","protected":false},"author":1,"featured_media":0,"parent":5,"menu_order":0,"comment_status":"closed","ping_status":"closed","template":"","meta":{"nf_dc_page":"","_monsterinsights_skip_tracking":false,"_monsterinsights_sitenote_active":false,"_monsterinsights_sitenote_note":"","_monsterinsights_sitenote_category":0,"ngg_post_thumbnail":0,"footnotes":""},"class_list":["post-35","page","type-page","status-publish","hentry"],"yoast_head":"<!-- This site is optimized with the Yoast SEO plugin v24.9 - https:\/\/yoast.com\/wordpress\/plugins\/seo\/ -->\n<title>\u00dcber mich: David Strauss - Maler, K\u00fcnstler, Denker<\/title>\n<meta name=\"description\" content=\"David Strauss Information zu seinem Sein als Maler, K\u00fcnstler, Philosoph, Doktor der Volkswirtschaft, ehemaliger Professor\" \/>\n<meta name=\"robots\" content=\"index, follow, max-snippet:-1, max-image-preview:large, max-video-preview:-1\" \/>\n<link rel=\"canonical\" href=\"https:\/\/davidstrauss.site\/?page_id=35\" \/>\n<meta property=\"og:locale\" content=\"en_US\" \/>\n<meta property=\"og:type\" content=\"article\" \/>\n<meta property=\"og:title\" content=\"\u00dcber mich: David Strauss - Maler, K\u00fcnstler, Denker\" \/>\n<meta property=\"og:description\" content=\"David Strauss Information zu seinem Sein als Maler, K\u00fcnstler, Philosoph, Doktor der Volkswirtschaft, ehemaliger Professor\" \/>\n<meta property=\"og:url\" content=\"https:\/\/davidstrauss.site\/?page_id=35\" \/>\n<meta property=\"og:site_name\" content=\"David Strauss\" \/>\n<meta property=\"article:modified_time\" content=\"2024-01-30T11:36:27+00:00\" \/>\n<meta name=\"twitter:card\" content=\"summary_large_image\" \/>\n<meta name=\"twitter:label1\" content=\"Est. reading time\" \/>\n\t<meta name=\"twitter:data1\" content=\"1 minute\" \/>\n<script type=\"application\/ld+json\" class=\"yoast-schema-graph\">{\"@context\":\"https:\/\/schema.org\",\"@graph\":[{\"@type\":\"WebPage\",\"@id\":\"https:\/\/davidstrauss.site\/?page_id=35\",\"url\":\"https:\/\/davidstrauss.site\/?page_id=35\",\"name\":\"\u00dcber mich: David Strauss - Maler, K\u00fcnstler, Denker\",\"isPartOf\":{\"@id\":\"https:\/\/davidstrauss.site\/#website\"},\"datePublished\":\"2018-10-24T16:38:51+00:00\",\"dateModified\":\"2024-01-30T11:36:27+00:00\",\"description\":\"David Strauss Information zu seinem Sein als Maler, K\u00fcnstler, Philosoph, Doktor der Volkswirtschaft, ehemaliger Professor\",\"breadcrumb\":{\"@id\":\"https:\/\/davidstrauss.site\/?page_id=35#breadcrumb\"},\"inLanguage\":\"en-US\",\"potentialAction\":[{\"@type\":\"ReadAction\",\"target\":[\"https:\/\/davidstrauss.site\/?page_id=35\"]}]},{\"@type\":\"BreadcrumbList\",\"@id\":\"https:\/\/davidstrauss.site\/?page_id=35#breadcrumb\",\"itemListElement\":[{\"@type\":\"ListItem\",\"position\":1,\"name\":\"Home\",\"item\":\"https:\/\/davidstrauss.site\/\"},{\"@type\":\"ListItem\",\"position\":2,\"name\":\"David Strauss\",\"item\":\"https:\/\/davidstrauss.site\/\"},{\"@type\":\"ListItem\",\"position\":3,\"name\":\"\u00dcber mich:\"}]},{\"@type\":\"WebSite\",\"@id\":\"https:\/\/davidstrauss.site\/#website\",\"url\":\"https:\/\/davidstrauss.site\/\",\"name\":\"David Strauss\",\"description\":\"Painting for life\",\"potentialAction\":[{\"@type\":\"SearchAction\",\"target\":{\"@type\":\"EntryPoint\",\"urlTemplate\":\"https:\/\/davidstrauss.site\/?s={search_term_string}\"},\"query-input\":{\"@type\":\"PropertyValueSpecification\",\"valueRequired\":true,\"valueName\":\"search_term_string\"}}],\"inLanguage\":\"en-US\"}]}<\/script>\n<!-- \/ Yoast SEO plugin. -->","yoast_head_json":{"title":"\u00dcber mich: David Strauss - Maler, K\u00fcnstler, Denker","description":"David Strauss Information zu seinem Sein als Maler, K\u00fcnstler, Philosoph, Doktor der Volkswirtschaft, ehemaliger Professor","robots":{"index":"index","follow":"follow","max-snippet":"max-snippet:-1","max-image-preview":"max-image-preview:large","max-video-preview":"max-video-preview:-1"},"canonical":"https:\/\/davidstrauss.site\/?page_id=35","og_locale":"en_US","og_type":"article","og_title":"\u00dcber mich: David Strauss - Maler, K\u00fcnstler, Denker","og_description":"David Strauss Information zu seinem Sein als Maler, K\u00fcnstler, Philosoph, Doktor der Volkswirtschaft, ehemaliger Professor","og_url":"https:\/\/davidstrauss.site\/?page_id=35","og_site_name":"David Strauss","article_modified_time":"2024-01-30T11:36:27+00:00","twitter_card":"summary_large_image","twitter_misc":{"Est. reading time":"1 minute"},"schema":{"@context":"https:\/\/schema.org","@graph":[{"@type":"WebPage","@id":"https:\/\/davidstrauss.site\/?page_id=35","url":"https:\/\/davidstrauss.site\/?page_id=35","name":"\u00dcber mich: David Strauss - Maler, K\u00fcnstler, Denker","isPartOf":{"@id":"https:\/\/davidstrauss.site\/#website"},"datePublished":"2018-10-24T16:38:51+00:00","dateModified":"2024-01-30T11:36:27+00:00","description":"David Strauss Information zu seinem Sein als Maler, K\u00fcnstler, Philosoph, Doktor der Volkswirtschaft, ehemaliger Professor","breadcrumb":{"@id":"https:\/\/davidstrauss.site\/?page_id=35#breadcrumb"},"inLanguage":"en-US","potentialAction":[{"@type":"ReadAction","target":["https:\/\/davidstrauss.site\/?page_id=35"]}]},{"@type":"BreadcrumbList","@id":"https:\/\/davidstrauss.site\/?page_id=35#breadcrumb","itemListElement":[{"@type":"ListItem","position":1,"name":"Home","item":"https:\/\/davidstrauss.site\/"},{"@type":"ListItem","position":2,"name":"David Strauss","item":"https:\/\/davidstrauss.site\/"},{"@type":"ListItem","position":3,"name":"\u00dcber mich:"}]},{"@type":"WebSite","@id":"https:\/\/davidstrauss.site\/#website","url":"https:\/\/davidstrauss.site\/","name":"David Strauss","description":"Painting for life","potentialAction":[{"@type":"SearchAction","target":{"@type":"EntryPoint","urlTemplate":"https:\/\/davidstrauss.site\/?s={search_term_string}"},"query-input":{"@type":"PropertyValueSpecification","valueRequired":true,"valueName":"search_term_string"}}],"inLanguage":"en-US"}]}},"_links":{"self":[{"href":"https:\/\/davidstrauss.site\/index.php?rest_route=\/wp\/v2\/pages\/35","targetHints":{"allow":["GET"]}}],"collection":[{"href":"https:\/\/davidstrauss.site\/index.php?rest_route=\/wp\/v2\/pages"}],"about":[{"href":"https:\/\/davidstrauss.site\/index.php?rest_route=\/wp\/v2\/types\/page"}],"author":[{"embeddable":true,"href":"https:\/\/davidstrauss.site\/index.php?rest_route=\/wp\/v2\/users\/1"}],"replies":[{"embeddable":true,"href":"https:\/\/davidstrauss.site\/index.php?rest_route=%2Fwp%2Fv2%2Fcomments&post=35"}],"version-history":[{"count":5,"href":"https:\/\/davidstrauss.site\/index.php?rest_route=\/wp\/v2\/pages\/35\/revisions"}],"predecessor-version":[{"id":2808,"href":"https:\/\/davidstrauss.site\/index.php?rest_route=\/wp\/v2\/pages\/35\/revisions\/2808"}],"up":[{"embeddable":true,"href":"https:\/\/davidstrauss.site\/index.php?rest_route=\/wp\/v2\/pages\/5"}],"wp:attachment":[{"href":"https:\/\/davidstrauss.site\/index.php?rest_route=%2Fwp%2Fv2%2Fmedia&parent=35"}],"curies":[{"name":"wp","href":"https:\/\/api.w.org\/{rel}","templated":true}]}}