{"id":2916,"date":"2026-03-15T19:24:44","date_gmt":"2026-03-15T19:24:44","guid":{"rendered":"https:\/\/davidstrauss.site\/?page_id=2916"},"modified":"2026-05-01T14:10:54","modified_gmt":"2026-05-01T14:10:54","slug":"figurative-malerei-2024-25-menschliche-emotionen","status":"publish","type":"page","link":"https:\/\/davidstrauss.site\/?page_id=2916","title":{"rendered":"Menschliche Emotionen (2024-25)"},"content":{"rendered":" <p class=\"wp-block-paragraph\"> Die Serie Menschliche Emotionen (2024-25) von David Strauss stellt menschliche Emotionen im Anbetracht der Umweltkrise, Seinskrise dar. Die Pfeile f\u00fchren zu Detailansichten der Bilder. Bei Interesse an Originalen der \u00d6lgem\u00e4lde, bitte kontaktieren Sie den K\u00fcnstler direkt.\r\n\r\n<\/p> \r\n\r\n\r\n<div style=\"width:100%; display:flex; justify-content:center;\">\r\n  <div style=\"max-width:700px; width:100%; text-align:center;\">\r\n    <h3>Torn Emotions (2025)<\/h3>\r\n    <p>65cm x 40cm<\/p>\r\n   ngg_shortcode_0_placeholder\r\n<a href=\"https:\/\/davidstrauss.site\/?product=torn-emotions\/\" \r\n   class=\"wp-block-button__link buy-print-button\"\r\n   onclick=\"openArtModal(this.href); return false;\">\r\n   Kunstdruck kaufen\r\n<\/a>\r\n  <\/div>\r\n<\/div>\r\n\r\n\r\n<div style=\"height:80px\"><\/div>\r\n\r\n\r\n<div style=\"width:100%; display:flex; justify-content:flex-start;\">\r\n  <div style=\"max-width:500px; margin-left:10%; text-align:center; font-style:italic; line-height:1.8; font-size:18px;\">\r\n    \r\n  Die Erde dunkelt <br>\r\nZerrissene Harmonie <br>\r\nDer Blick schweift ab\r\n\r\n    \r\n  <\/div>\r\n<\/div>\r\n\r\n\r\n\r\n<div style=\"height:80px\"><\/div>\r\n\r\n\r\n<div style=\"width:100%; display:flex; justify-content:flex-end;\">\r\n  <div style=\"max-width:700px; width:100%; text-align:center;\">\r\n    <h3>Scared (2025)<\/h3>\r\n    <p>50cm x 30cm<\/p>\r\n   ngg_shortcode_1_placeholder\r\n    <a href=\"https:\/\/davidstrauss.site\/?product=scared\/\" \r\n   class=\"wp-block-button__link buy-print-button\"\r\n   onclick=\"openArtModal(this.href); return false;\">\r\n   Kunstdruck kaufen\r\n<\/a>\r\n  <\/div>\r\n<\/div>\r\n\r\n\r\n<div style=\"height:80px\"><\/div>\r\n\r\n\r\n<div style=\"width:100%; display:flex; justify-content:flex-start;\">\r\n  <div style=\"max-width:700px; width:100%; text-align:center;\">\r\n    <h3>Under the Hood (2024)<\/h3>\r\n    <p>40cm x 50cm<\/p>\r\n   ngg_shortcode_2_placeholder\r\n    <a href=\"https:\/\/davidstrauss.site\/?product=under-the-hood\" \r\n   class=\"wp-block-button__link buy-print-button\"\r\n   onclick=\"openArtModal(this.href); return false;\">\r\n   Kunstdruck kaufen\r\n<\/a>\r\n  <\/div>\r\n<\/div>\r\n\r\n\r\n<div style=\"height:80px\"><\/div>\r\n\r\n<div style=\"width:100%; display:flex; justify-content:flex-start;\">\r\n  <div style=\"max-width:500px; margin-left:10%; text-align:center; font-style:italic; line-height:1.8; font-size:18px;\">\r\n    \r\n\r\nVersteckt ist das Licht, <br>\r\ndas erhellt des Lebens Sinn, <br>\r\nNicht tot und doch stumm.\r\n\r\n\r\n    \r\n  <\/div>\r\n<\/div>\r\n\r\n\r\n\r\n<div style=\"width:100%; display:flex; justify-content:center;\">\r\n  <div style=\"max-width:700px; width:100%; text-align:center;\">\r\n    <h3>The Bystander (2025)<\/h3>\r\n    <p>65cm x 40cm<\/p>\r\n   ngg_shortcode_3_placeholder\r\n   <a href=\"https:\/\/davidstrauss.site\/?product=the-bystander\" \r\n   class=\"wp-block-button__link buy-print-button\"\r\n   onclick=\"openArtModal(this.href); return false;\">\r\n   Kunstdruck kaufen\r\n<\/a>\r\n  <\/div>\r\n<\/div>\r\n\r\n<div style=\"height:80px\"><\/div>\r\n\r\n\r\n\r\n<div style=\"width:100%; display:flex; justify-content:flex-start;\">\r\n  <div style=\"max-width:700px; width:100%; text-align:center;\">\r\n    <h3>A last stand (2024)<\/h3>\r\n    <p>50cm x 30cm<\/p>\r\n   ngg_shortcode_4_placeholder\r\n    <a href=\"https:\/\/davidstrauss.site\/?product=a-last-stand\" \r\n   class=\"wp-block-button__link buy-print-button\"\r\n   onclick=\"openArtModal(this.href); return false;\">\r\n   Kunstdruck kaufen\r\n<\/a>\r\n  <\/div>\r\n<\/div>\r\n\r\n<div style=\"height:80px\"><\/div>\r\n\r\n\r\n<div id=\"artModal\" class=\"art-modal\">\r\n  <div class=\"art-modal-content\">\r\n    <span class=\"art-modal-close\">&times;<\/span>\r\n    <iframe id=\"artModalFrame\" src=\"\"><\/iframe>\r\n  <\/div>\r\n<\/div>","protected":false},"excerpt":{"rendered":"<p>Die Serie Menschliche Emotionen (2024-25) von David Strauss stellt menschliche Emotionen im Anbetracht der Umweltkrise, Seinskrise dar. Die Pfeile f\u00fchren zu Detailansichten der Bilder. Bei Interesse an Originalen der \u00d6lgem\u00e4lde, bitte kontaktieren Sie den K\u00fcnstler direkt. Torn Emotions (2025) 65cm x 40cm Kunstdruck kaufen Die Erde dunkelt Zerrissene Harmonie Der Blick schweift ab Scared (2025) [&hellip;]<\/p>\n","protected":false},"author":1,"featured_media":0,"parent":164,"menu_order":0,"comment_status":"closed","ping_status":"closed","template":"","meta":{"nf_dc_page":"","_crdt_document":"","_monsterinsights_skip_tracking":false,"_monsterinsights_sitenote_active":false,"_monsterinsights_sitenote_note":"","_monsterinsights_sitenote_category":0,"ngg_post_thumbnail":0,"footnotes":""},"class_list":["post-2916","page","type-page","status-publish","hentry"],"yoast_head":"<!-- This site is optimized with the Yoast SEO plugin v27.5 - https:\/\/yoast.com\/product\/yoast-seo-wordpress\/ -->\n<title>Menschliche Emotionen (2024-25) - David Strauss<\/title>\n<meta name=\"description\" content=\"\u00d6lgem\u00e4lde kaufen von David Strauss \u2014 Die Serie zeigt menschliche Reaktionen auf Umwelt- und Seinskrise. Kunstdrucke erh\u00e4ltlich.\" \/>\n<meta name=\"robots\" content=\"index, follow, max-snippet:-1, max-image-preview:large, max-video-preview:-1\" \/>\n<link rel=\"canonical\" href=\"https:\/\/davidstrauss.site\/?page_id=2916\" \/>\n<meta property=\"og:locale\" content=\"en_US\" \/>\n<meta property=\"og:type\" content=\"article\" \/>\n<meta property=\"og:title\" content=\"Menschliche Emotionen (2024-25) - David Strauss\" \/>\n<meta property=\"og:description\" content=\"\u00d6lgem\u00e4lde kaufen von David Strauss \u2014 Die Serie zeigt menschliche Reaktionen auf Umwelt- und Seinskrise. Kunstdrucke erh\u00e4ltlich.\" \/>\n<meta property=\"og:url\" content=\"https:\/\/davidstrauss.site\/?page_id=2916\" \/>\n<meta property=\"og:site_name\" content=\"David Strauss\" \/>\n<meta property=\"article:modified_time\" content=\"2026-05-01T14:10:54+00:00\" \/>\n<meta name=\"twitter:card\" content=\"summary_large_image\" \/>\n<meta name=\"twitter:label1\" content=\"Est. reading time\" \/>\n\t<meta name=\"twitter:data1\" content=\"1 minute\" \/>\n<script type=\"application\/ld+json\" class=\"yoast-schema-graph\">{\"@context\":\"https:\\\/\\\/schema.org\",\"@graph\":[{\"@type\":\"WebPage\",\"@id\":\"https:\\\/\\\/davidstrauss.site\\\/?page_id=2916\",\"url\":\"https:\\\/\\\/davidstrauss.site\\\/?page_id=2916\",\"name\":\"Menschliche Emotionen (2024-25) - David Strauss\",\"isPartOf\":{\"@id\":\"https:\\\/\\\/davidstrauss.site\\\/#website\"},\"datePublished\":\"2026-03-15T19:24:44+00:00\",\"dateModified\":\"2026-05-01T14:10:54+00:00\",\"description\":\"\u00d6lgem\u00e4lde kaufen von David Strauss \u2014 Die Serie zeigt menschliche Reaktionen auf Umwelt- und Seinskrise. Kunstdrucke erh\u00e4ltlich.\",\"breadcrumb\":{\"@id\":\"https:\\\/\\\/davidstrauss.site\\\/?page_id=2916#breadcrumb\"},\"inLanguage\":\"en-US\",\"potentialAction\":[{\"@type\":\"ReadAction\",\"target\":[\"https:\\\/\\\/davidstrauss.site\\\/?page_id=2916\"]}]},{\"@type\":\"BreadcrumbList\",\"@id\":\"https:\\\/\\\/davidstrauss.site\\\/?page_id=2916#breadcrumb\",\"itemListElement\":[{\"@type\":\"ListItem\",\"position\":1,\"name\":\"Home\",\"item\":\"https:\\\/\\\/davidstrauss.site\\\/\"},{\"@type\":\"ListItem\",\"position\":2,\"name\":\"David Strauss Malerei\",\"item\":\"https:\\\/\\\/davidstrauss.site\\\/?page_id=164\"},{\"@type\":\"ListItem\",\"position\":3,\"name\":\"Menschliche Emotionen (2024-25)\"}]},{\"@type\":\"WebSite\",\"@id\":\"https:\\\/\\\/davidstrauss.site\\\/#website\",\"url\":\"https:\\\/\\\/davidstrauss.site\\\/\",\"name\":\"David Strauss\",\"description\":\"Painting for life\",\"potentialAction\":[{\"@type\":\"SearchAction\",\"target\":{\"@type\":\"EntryPoint\",\"urlTemplate\":\"https:\\\/\\\/davidstrauss.site\\\/?s={search_term_string}\"},\"query-input\":{\"@type\":\"PropertyValueSpecification\",\"valueRequired\":true,\"valueName\":\"search_term_string\"}}],\"inLanguage\":\"en-US\"}]}<\/script>\n<!-- \/ Yoast SEO plugin. -->","yoast_head_json":{"title":"Menschliche Emotionen (2024-25) - David Strauss","description":"\u00d6lgem\u00e4lde kaufen von David Strauss \u2014 Die Serie zeigt menschliche Reaktionen auf Umwelt- und Seinskrise. Kunstdrucke erh\u00e4ltlich.","robots":{"index":"index","follow":"follow","max-snippet":"max-snippet:-1","max-image-preview":"max-image-preview:large","max-video-preview":"max-video-preview:-1"},"canonical":"https:\/\/davidstrauss.site\/?page_id=2916","og_locale":"en_US","og_type":"article","og_title":"Menschliche Emotionen (2024-25) - David Strauss","og_description":"\u00d6lgem\u00e4lde kaufen von David Strauss \u2014 Die Serie zeigt menschliche Reaktionen auf Umwelt- und Seinskrise. Kunstdrucke erh\u00e4ltlich.","og_url":"https:\/\/davidstrauss.site\/?page_id=2916","og_site_name":"David Strauss","article_modified_time":"2026-05-01T14:10:54+00:00","twitter_card":"summary_large_image","twitter_misc":{"Est. reading time":"1 minute"},"schema":{"@context":"https:\/\/schema.org","@graph":[{"@type":"WebPage","@id":"https:\/\/davidstrauss.site\/?page_id=2916","url":"https:\/\/davidstrauss.site\/?page_id=2916","name":"Menschliche Emotionen (2024-25) - David Strauss","isPartOf":{"@id":"https:\/\/davidstrauss.site\/#website"},"datePublished":"2026-03-15T19:24:44+00:00","dateModified":"2026-05-01T14:10:54+00:00","description":"\u00d6lgem\u00e4lde kaufen von David Strauss \u2014 Die Serie zeigt menschliche Reaktionen auf Umwelt- und Seinskrise. Kunstdrucke erh\u00e4ltlich.","breadcrumb":{"@id":"https:\/\/davidstrauss.site\/?page_id=2916#breadcrumb"},"inLanguage":"en-US","potentialAction":[{"@type":"ReadAction","target":["https:\/\/davidstrauss.site\/?page_id=2916"]}]},{"@type":"BreadcrumbList","@id":"https:\/\/davidstrauss.site\/?page_id=2916#breadcrumb","itemListElement":[{"@type":"ListItem","position":1,"name":"Home","item":"https:\/\/davidstrauss.site\/"},{"@type":"ListItem","position":2,"name":"David Strauss Malerei","item":"https:\/\/davidstrauss.site\/?page_id=164"},{"@type":"ListItem","position":3,"name":"Menschliche Emotionen (2024-25)"}]},{"@type":"WebSite","@id":"https:\/\/davidstrauss.site\/#website","url":"https:\/\/davidstrauss.site\/","name":"David Strauss","description":"Painting for life","potentialAction":[{"@type":"SearchAction","target":{"@type":"EntryPoint","urlTemplate":"https:\/\/davidstrauss.site\/?s={search_term_string}"},"query-input":{"@type":"PropertyValueSpecification","valueRequired":true,"valueName":"search_term_string"}}],"inLanguage":"en-US"}]}},"_links":{"self":[{"href":"https:\/\/davidstrauss.site\/index.php?rest_route=\/wp\/v2\/pages\/2916","targetHints":{"allow":["GET"]}}],"collection":[{"href":"https:\/\/davidstrauss.site\/index.php?rest_route=\/wp\/v2\/pages"}],"about":[{"href":"https:\/\/davidstrauss.site\/index.php?rest_route=\/wp\/v2\/types\/page"}],"author":[{"embeddable":true,"href":"https:\/\/davidstrauss.site\/index.php?rest_route=\/wp\/v2\/users\/1"}],"replies":[{"embeddable":true,"href":"https:\/\/davidstrauss.site\/index.php?rest_route=%2Fwp%2Fv2%2Fcomments&post=2916"}],"version-history":[{"count":5,"href":"https:\/\/davidstrauss.site\/index.php?rest_route=\/wp\/v2\/pages\/2916\/revisions"}],"predecessor-version":[{"id":3246,"href":"https:\/\/davidstrauss.site\/index.php?rest_route=\/wp\/v2\/pages\/2916\/revisions\/3246"}],"up":[{"embeddable":true,"href":"https:\/\/davidstrauss.site\/index.php?rest_route=\/wp\/v2\/pages\/164"}],"wp:attachment":[{"href":"https:\/\/davidstrauss.site\/index.php?rest_route=%2Fwp%2Fv2%2Fmedia&parent=2916"}],"curies":[{"name":"wp","href":"https:\/\/api.w.org\/{rel}","templated":true}]}}