{"id":196,"date":"2018-11-05T17:12:27","date_gmt":"2018-11-05T17:12:27","guid":{"rendered":"https:\/\/davidstrauss.site\/?page_id=196"},"modified":"2026-03-15T20:22:18","modified_gmt":"2026-03-15T20:22:18","slug":"obras","status":"publish","type":"page","link":"https:\/\/davidstrauss.site\/?page_id=196&lang=es","title":{"rendered":"David Strauss Obras"},"content":{"rendered":"<p> Esto lleva directamente a las \u00faltimas pinturas figurativas de 2024 y 2025.<a href=\"https:\/\/davidstrauss.site\/?page_id=3054&#038;lang=es\"><strong> Pintura Figurativa (2024-25) Emociones humanas<\/strong><\/a> y \r\n\r\n<a href=\"https:\/\/davidstrauss.site\/?page_id=3056&#038;lang=es\"><strong>Pintura Figurativa (2024-25) El mundo en peligro<\/strong><\/a>\r\n\r\n\r\n<div class=\"wp-block-columns is-layout-flex wp-container-core-columns-is-layout-9d6595d7 wp-block-columns-is-layout-flex\">\r\n<div class=\"wp-block-column\">\r\n<a href=\"https:\/\/davidstrauss.site\/?page_id=3054&#038;lang=es\"><img decoding=\"async\" src=\"http:\/\/davidstrauss.site\/wp-content\/uploads\/2026\/03\/DSC_6232-1024x620.jpg\" alt=\"\" width=\"480\" height=\"291\" class=\"aligncenter size-large wp-image-3073\" srcset=\"http:\/\/davidstrauss.site\r\n\/wp-content\/uploads\/2026\/03\/DSC_6232-1024x620.jpg 1024w, http:\/\/davidstrauss.site\r\n\/wp-content\/uploads\/2026\/03\/DSC_6232-300x182.jpg 300w, http:\/\/davidstrauss.site\r\n\/wp-content\/uploads\/2026\/03\/DSC_6232-768x465.jpg 768w, http:\/\/davidstrauss.site\r\n\/wp-content\/uploads\/2026\/03\/DSC_6232-1536x931.jpg 1536w, http:\/\/davidstrauss.site\r\n\/wp-content\/uploads\/2026\/03\/DSC_6232-2048x1241.jpg 2048w\" sizes=\"(max-width: 480px) 100vw, 480px\" \/><\/a><\/div>\r\n<div class=\"wp-block-column\">\r\n<a href=\"https:\/\/davidstrauss.site\/?page_id=3056&#038;lang=es\"><img decoding=\"async\" src=\"http:\/\/davidstrauss.site\/wp-content\/uploads\/2026\/03\/DSC_6308-1024x803.jpg\" alt=\"\" width=\"480\" height=\"376\" class=\"aligncenter size-large wp-image-3074\" srcset=\"http:\/\/davidstrauss.site\r\n\/wp-content\/uploads\/2026\/03\/DSC_6308-1024x803.jpg 1024w, http:\/\/davidstrauss.site\r\n\/wp-content\/uploads\/2026\/03\/DSC_6308-300x235.jpg 300w, http:\/\/davidstrauss.site\r\n\/wp-content\/uploads\/2026\/03\/DSC_6308-768x602.jpg 768w, http:\/\/davidstrauss.site\r\n\/wp-content\/uploads\/2026\/03\/DSC_6308-1536x1205.jpg 1536w, http:\/\/davidstrauss.site\r\n\/wp-content\/uploads\/2026\/03\/DSC_6308-2048x1607.jpg 2048w\" sizes=\"(max-width: 480px) 100vw, 480px\" \/><\/a><\/div>\r\n<\/div>\r\n<\/p>\r\n\r\n<p>\r\nMi nombre es David Strauss, soy pintor, economista, filosofo, fotografo, artista, vida. Aqui les presento unas de mis obras. Todas las pinturas son (a menos que se indique lo contrario) \u00f3leo sobre lienzo. \r\nLa pintura figurativa se divide en:<\/p>\r\n\r\n<p><em><a href=\"https:\/\/davidstrauss.site\/?page_id=2568&#038;lang=es\">Figurativas para pensar<\/a><\/em>.<\/a><\/em> <\/p>\r\n\r\n<p><em><a href=\"https:\/\/davidstrauss.site\/?page_id=2571&#038;lang=es\">La vida es natura<\/a><\/em>.<\/p>\r\n\r\n<p><em><a href=\"https:\/\/davidstrauss.site\/?page_id=2469&#038;lang=es\">Humanos en el mundo<\/a><\/em>.<\/p>\r\n\r\n<p><em><a href=\"https:\/\/davidstrauss.site\/?page_id=680\">La pintura abstracta<\/a><\/em>.<\/p>\r\n\r\n\r\n\r\n\r\nngg_shortcode_0_placeholder\r\n<h3>&nbsp;<\/h3>\r\n<h2 style=\"text-align: center;\"><strong><em>When did we go wrong?<\/em><\/strong><\/h2>\r\n<em>&nbsp;<\/em>\r\n<p style=\"text-align: center;\"><em>\u00bfCu\u00e1ndo los \u00e1rboles se convirtieron en proveedores de madera?<\/em><\/p>\r\n<p style=\"text-align: center;\"><em>\u00bfCu\u00e1ndo lagos se convirtieron en \u00e1reas recreativas?<\/em><\/p>\r\n<p style=\"text-align: center;\"><em>\u00bfCu\u00e1ndo los animales pasaron a ser pura comida o juguetes?<\/em><\/p>\r\n<p style=\"text-align: center;\"><em>\u00bfCu\u00e1ndo la naturaleza se convirti\u00f3 en puro recurso?<\/em><\/p>\r\n<p style=\"text-align: center;\"><em>\u00bfCu\u00e1ndo nos convertimos en cazadores de consumo y el Ego empez\u00f3 a dominar?<\/em><\/p>\r\n<p style=\"text-align: center;\"><em>\u00bfSe acuerdan cu\u00e1ndo la instrumentalizaci\u00f3n se convirti\u00f3 en nuestro dios?<\/em><\/p>\r\n\r\n\r\nngg_shortcode_1_placeholder\r\n\r\n<h2 style=\"text-align: center;\">&nbsp;<\/h2>\r\n<h2 style=\"text-align: center;\"><strong>Escondido<\/strong><\/h2>\r\n<p style=\"text-align: center;\">Pensamientos oscurecidos por palabras,\r\nsentimientos sofocados en la voz.<\/p>\r\n<p style=\"text-align: center;\">Intento en vano llegar a ti,\r\ntus dioses siempre quebrando mi ser.<\/p>\r\n<p style=\"text-align: center;\">Incluso el m\u00e1s tierno de los toques,\r\nnunca revela su verdadero ser &#8211; alterado por tu mundo.<\/p>\r\n<p style=\"text-align: center;\">Mi ser para siempre velado,\r\ncomo mi Dios no es el tuyo &#8211; la ceguera prevalece.<\/p>\r\n\r\n\r\nngg_shortcode_2_placeholder\r\n<h2 style=\"text-align: center;\"><strong>La tormenta\r\n<\/strong><\/h2>\r\n<p style=\"text-align: center;\">Cuando llega la tormenta &#8211; \r\n\u00bfQu\u00e9 podemos hacer?\r\n<\/p>\r\n<p style=\"text-align: center;\">Sin manera de defendernos,\r\nSin lugar para esconder.<\/p>\r\n<p style=\"text-align: center;\">Poco a poco lo consume todo,\r\ndejando nada pero desierto atr\u00e1s.\r\n<\/p>\r\n<p style=\"text-align: center;\">Pronto todos nos habremos ido,\r\nolvidado en el tiempo.\r\n<\/p>\r\n<p style=\"text-align: center;\">Lo m\u00e1s triste de todo:<\/p>\r\n<p style=\"text-align: center;\">El hermano mata a sus hermanos,<\/p>\r\n<p style=\"text-align: center;\">porque la tormenta &#8211; humanidad divina &#8211;<\/p>\r\n<p style=\"text-align: center;\">demasiada ciega para ver: No somos nada m\u00e1s que vida.<\/p>\r\n\r\n\r\n\r\nngg_shortcode_3_placeholder\r\n\r\n<p style=\"text-align: center;\"><em><strong>Morir por Virunga<\/strong><\/em><\/p>\r\n<p style=\"text-align: center;\">WNos llamamos seres adultos y desarrollados-\r\nuna cultura de valores altos.<\/p>\r\n<p style=\"text-align: center;\">Criticamos otras sociedades como primitivos,\r\nPero \u00bfqu\u00e9 revela la mirada minuciosa?:<\/p>\r\n<p style=\"text-align: center;\">Matamos a especies de millones de a\u00f1os,\r\nPara el oro negro y un poco de bling bling.<\/p>\r\n<p style=\"text-align: center;\">El coche nuevo no est\u00e1 sucio,\r\npero igual tus manos est\u00e9n ensangrentadas.<\/p>\r\n<p style=\"text-align: center;\">Los costos est\u00e1n velados en nuestro sistema p\u00e9rfido,<\/p>\r\n<p style=\"text-align: center;\">pero igual millones de animales mueren cada d\u00eda por nuestro consumo.<\/p>\r\n<p style=\"text-align: center;\">Robamos su h\u00e1bitat, contaminamos el aire,<\/p>\r\n<p style=\"text-align: center;\">la selva se vuelve desierto &#8211; no es diferente a dispararlos nosotros mismos.<\/p>\r\n<p style=\"text-align: center;\">Quienes somos para creernos tener el derecho\r\nde asesinar los \u00faltimos de las espaldas plateadas,<\/p>\r\n<p style=\"text-align: center;\">para comprar el nuevo m\u00f3vil con el petroleo de Virunga,<\/p>\r\n<p style=\"text-align: center;\">\r\ny publicar una foto en Facebook desde el zool\u00f3gico &#8211; como amante de naturaleza.<\/p>\r\n\r\n\r\n\r\nngg_shortcode_4_placeholder\r\n\r\n\r\n\r\n<h2 style=\"text-align: center;\">La danza del silencio<\/h2>\r\n<p style=\"text-align: center;\">Me quieren aplastar\r\ncon el ruido y sus gritos,<\/p>\r\n<p style=\"text-align: center;\">&nbsp;&nbsp;&nbsp;&nbsp;&nbsp;&nbsp;&nbsp;&nbsp;&nbsp;&nbsp;&nbsp;&nbsp;&nbsp;&nbsp; quien grite m\u00e1s fuerte\r\n&nbsp;&nbsp;&nbsp;&nbsp;&nbsp;&nbsp;&nbsp;&nbsp;&nbsp;&nbsp;&nbsp;&nbsp;&nbsp;&nbsp; difunde la verdad &#8211;\r\n&nbsp;&nbsp;&nbsp;&nbsp;&nbsp;&nbsp;&nbsp;&nbsp;&nbsp;&nbsp;&nbsp;&nbsp;&nbsp;&nbsp; en los tiempos presentes\r\n&nbsp;&nbsp;&nbsp;&nbsp;&nbsp;&nbsp;&nbsp;&nbsp;&nbsp;&nbsp;&nbsp;&nbsp;&nbsp;&nbsp; olvidada la paz<\/p>\r\n<p style=\"text-align: center;\">Pero antes de que me rinda\r\na sus valores y sentido<\/p>\r\n<p style=\"text-align: center;\">&nbsp;&nbsp;&nbsp;&nbsp;&nbsp;&nbsp;&nbsp;&nbsp;&nbsp;&nbsp;&nbsp;&nbsp;&nbsp;&nbsp; Prefiero entrar\r\n&nbsp;&nbsp;&nbsp;&nbsp;&nbsp;&nbsp;&nbsp;&nbsp;&nbsp;&nbsp;&nbsp;&nbsp;&nbsp;&nbsp; en mi ser interno\r\n&nbsp;&nbsp;&nbsp;&nbsp;&nbsp;&nbsp;&nbsp;&nbsp;&nbsp;&nbsp;&nbsp;&nbsp;&nbsp;&nbsp; a tocar mi propia canci\u00f3n\r\n&nbsp;&nbsp;&nbsp;&nbsp;&nbsp;&nbsp;&nbsp;&nbsp;&nbsp;&nbsp;&nbsp;&nbsp;&nbsp;&nbsp; en la danza del silencio.<\/p>\r\n\r\n\r\n<\/div>\r\n\r\nngg_shortcode_5_placeholder\r\n\r\n\r\n<h3 style=\"text-align: center;\">Canto del cisne<\/h3>\r\n<p style=\"text-align: center;\">Las campanas llaman a la \u00faltima canci\u00f3n,\r\nyo ya a salvo escondido en el hermoso sonido del silencio.<\/p>\r\n<p style=\"text-align: center;\">Lloran por la paz de mi alma,\r\nen la lucha enterna de dioses por el amor de la gente.<\/p>\r\n<p style=\"text-align: center;\">Est\u00e1n parados en medio de su desierto gris y \u00e1rido;\r\nPregunt\u00e1ndose por qu\u00e9 yo no puedo encontrar los pechos de su dios.<\/p>\r\n<p style=\"text-align: center;\">Pero hace mucho que ya he llegado,\r\nabrazado en el har\u00e9n del dios de la vida.<\/p>\r\n&nbsp;\r\n<figure><figcaption><\/figcaption><\/figure>\r\n\r\n","protected":false},"excerpt":{"rendered":"<p>Esto lleva directamente a las \u00faltimas pinturas figurativas de 2024 y 2025. Pintura Figurativa (2024-25) Emociones humanas y Pintura Figurativa (2024-25) El mundo en peligro Mi nombre es David Strauss, soy pintor, economista, filosofo, fotografo, artista, vida. Aqui les presento unas de mis obras. Todas las pinturas son (a menos que se indique lo contrario) \u00f3leo sobre lienzo. La pintura figurativa se divide en: Figurativas para pensar. La vida es<\/p>\n<div class=\"read-more\"><a class=\"btn read-more-btn\" href=\"https:\/\/davidstrauss.site\/?page_id=196&#038;lang=es\">Read More<\/a><\/div>\n","protected":false},"author":1,"featured_media":0,"parent":0,"menu_order":0,"comment_status":"closed","ping_status":"closed","template":"","meta":{"nf_dc_page":"","_monsterinsights_skip_tracking":false,"_monsterinsights_sitenote_active":false,"_monsterinsights_sitenote_note":"","_monsterinsights_sitenote_category":0,"ngg_post_thumbnail":0,"footnotes":""},"class_list":["post-196","page","type-page","status-publish","hentry"],"yoast_head":"<!-- This site is optimized with the Yoast SEO plugin v24.9 - https:\/\/yoast.com\/wordpress\/plugins\/seo\/ -->\n<title>David Strauss Obras - Pinturas y Poemas de la vida<\/title>\n<meta name=\"description\" content=\"Obras - pinturas y poemas - del pintor David Strauss. La vida pinta por mi - intentando mostrarles la unidad entre todos nosotros seres vivos\" \/>\n<meta name=\"robots\" content=\"index, follow, max-snippet:-1, max-image-preview:large, max-video-preview:-1\" \/>\n<link rel=\"canonical\" href=\"https:\/\/davidstrauss.site\/?page_id=196&lang=es\" \/>\n<meta property=\"og:locale\" content=\"en_US\" \/>\n<meta property=\"og:type\" content=\"article\" \/>\n<meta property=\"og:title\" content=\"David Strauss Obras - Pinturas y Poemas de la vida\" \/>\n<meta property=\"og:description\" content=\"Obras - pinturas y poemas - del pintor David Strauss. La vida pinta por mi - intentando mostrarles la unidad entre todos nosotros seres vivos\" \/>\n<meta property=\"og:url\" content=\"https:\/\/davidstrauss.site\/?page_id=196&amp;lang=es\" \/>\n<meta property=\"og:site_name\" content=\"David Strauss\" \/>\n<meta property=\"article:modified_time\" content=\"2026-03-15T20:22:18+00:00\" \/>\n<meta property=\"og:image\" content=\"https:\/\/davidstrauss.site\/wp-content\/uploads\/2026\/03\/DSC_6232.jpg\" \/>\n\t<meta property=\"og:image:width\" content=\"2446\" \/>\n\t<meta property=\"og:image:height\" content=\"1482\" \/>\n\t<meta property=\"og:image:type\" content=\"image\/jpeg\" \/>\n<meta name=\"twitter:card\" content=\"summary_large_image\" \/>\n<meta name=\"twitter:label1\" content=\"Est. reading time\" \/>\n\t<meta name=\"twitter:data1\" content=\"3 minutes\" \/>\n<script type=\"application\/ld+json\" class=\"yoast-schema-graph\">{\"@context\":\"https:\/\/schema.org\",\"@graph\":[{\"@type\":\"WebPage\",\"@id\":\"https:\/\/davidstrauss.site\/?page_id=196&lang=es\",\"url\":\"https:\/\/davidstrauss.site\/?page_id=196&lang=es\",\"name\":\"David Strauss Obras - Pinturas y Poemas de la vida\",\"isPartOf\":{\"@id\":\"https:\/\/davidstrauss.site\/#website\"},\"primaryImageOfPage\":{\"@id\":\"https:\/\/davidstrauss.site\/?page_id=196&lang=es#primaryimage\"},\"image\":{\"@id\":\"https:\/\/davidstrauss.site\/?page_id=196&lang=es#primaryimage\"},\"thumbnailUrl\":\"http:\/\/davidstrauss.site\/wp-content\/uploads\/2026\/03\/DSC_6232-1024x620.jpg\",\"datePublished\":\"2018-11-05T17:12:27+00:00\",\"dateModified\":\"2026-03-15T20:22:18+00:00\",\"description\":\"Obras - pinturas y poemas - del pintor David Strauss. La vida pinta por mi - intentando mostrarles la unidad entre todos nosotros seres vivos\",\"breadcrumb\":{\"@id\":\"https:\/\/davidstrauss.site\/?page_id=196&lang=es#breadcrumb\"},\"inLanguage\":\"en-US\",\"potentialAction\":[{\"@type\":\"ReadAction\",\"target\":[\"https:\/\/davidstrauss.site\/?page_id=196&lang=es\"]}]},{\"@type\":\"ImageObject\",\"inLanguage\":\"en-US\",\"@id\":\"https:\/\/davidstrauss.site\/?page_id=196&lang=es#primaryimage\",\"url\":\"https:\/\/davidstrauss.site\\r\\n\/wp-content\/uploads\/2026\/03\/DSC_6232.jpg\",\"contentUrl\":\"https:\/\/davidstrauss.site\\r\\n\/wp-content\/uploads\/2026\/03\/DSC_6232.jpg\",\"width\":2446,\"height\":1482},{\"@type\":\"BreadcrumbList\",\"@id\":\"https:\/\/davidstrauss.site\/?page_id=196&lang=es#breadcrumb\",\"itemListElement\":[{\"@type\":\"ListItem\",\"position\":1,\"name\":\"Home\",\"item\":\"https:\/\/davidstrauss.site\/\"},{\"@type\":\"ListItem\",\"position\":2,\"name\":\"David Strauss Obras\"}]},{\"@type\":\"WebSite\",\"@id\":\"https:\/\/davidstrauss.site\/#website\",\"url\":\"https:\/\/davidstrauss.site\/\",\"name\":\"David Strauss\",\"description\":\"Painting for life\",\"potentialAction\":[{\"@type\":\"SearchAction\",\"target\":{\"@type\":\"EntryPoint\",\"urlTemplate\":\"https:\/\/davidstrauss.site\/?s={search_term_string}\"},\"query-input\":{\"@type\":\"PropertyValueSpecification\",\"valueRequired\":true,\"valueName\":\"search_term_string\"}}],\"inLanguage\":\"en-US\"}]}<\/script>\n<!-- \/ Yoast SEO plugin. -->","yoast_head_json":{"title":"David Strauss Obras - Pinturas y Poemas de la vida","description":"Obras - pinturas y poemas - del pintor David Strauss. La vida pinta por mi - intentando mostrarles la unidad entre todos nosotros seres vivos","robots":{"index":"index","follow":"follow","max-snippet":"max-snippet:-1","max-image-preview":"max-image-preview:large","max-video-preview":"max-video-preview:-1"},"canonical":"https:\/\/davidstrauss.site\/?page_id=196&lang=es","og_locale":"en_US","og_type":"article","og_title":"David Strauss Obras - Pinturas y Poemas de la vida","og_description":"Obras - pinturas y poemas - del pintor David Strauss. La vida pinta por mi - intentando mostrarles la unidad entre todos nosotros seres vivos","og_url":"https:\/\/davidstrauss.site\/?page_id=196&lang=es","og_site_name":"David Strauss","article_modified_time":"2026-03-15T20:22:18+00:00","og_image":[{"width":2446,"height":1482,"url":"https:\/\/davidstrauss.site\r\n\/wp-content\/uploads\/2026\/03\/DSC_6232.jpg","type":"image\/jpeg"}],"twitter_card":"summary_large_image","twitter_misc":{"Est. reading time":"3 minutes"},"schema":{"@context":"https:\/\/schema.org","@graph":[{"@type":"WebPage","@id":"https:\/\/davidstrauss.site\/?page_id=196&lang=es","url":"https:\/\/davidstrauss.site\/?page_id=196&lang=es","name":"David Strauss Obras - Pinturas y Poemas de la vida","isPartOf":{"@id":"https:\/\/davidstrauss.site\/#website"},"primaryImageOfPage":{"@id":"https:\/\/davidstrauss.site\/?page_id=196&lang=es#primaryimage"},"image":{"@id":"https:\/\/davidstrauss.site\/?page_id=196&lang=es#primaryimage"},"thumbnailUrl":"http:\/\/davidstrauss.site\/wp-content\/uploads\/2026\/03\/DSC_6232-1024x620.jpg","datePublished":"2018-11-05T17:12:27+00:00","dateModified":"2026-03-15T20:22:18+00:00","description":"Obras - pinturas y poemas - del pintor David Strauss. La vida pinta por mi - intentando mostrarles la unidad entre todos nosotros seres vivos","breadcrumb":{"@id":"https:\/\/davidstrauss.site\/?page_id=196&lang=es#breadcrumb"},"inLanguage":"en-US","potentialAction":[{"@type":"ReadAction","target":["https:\/\/davidstrauss.site\/?page_id=196&lang=es"]}]},{"@type":"ImageObject","inLanguage":"en-US","@id":"https:\/\/davidstrauss.site\/?page_id=196&lang=es#primaryimage","url":"https:\/\/davidstrauss.site\r\n\/wp-content\/uploads\/2026\/03\/DSC_6232.jpg","contentUrl":"https:\/\/davidstrauss.site\r\n\/wp-content\/uploads\/2026\/03\/DSC_6232.jpg","width":2446,"height":1482},{"@type":"BreadcrumbList","@id":"https:\/\/davidstrauss.site\/?page_id=196&lang=es#breadcrumb","itemListElement":[{"@type":"ListItem","position":1,"name":"Home","item":"https:\/\/davidstrauss.site\/"},{"@type":"ListItem","position":2,"name":"David Strauss Obras"}]},{"@type":"WebSite","@id":"https:\/\/davidstrauss.site\/#website","url":"https:\/\/davidstrauss.site\/","name":"David Strauss","description":"Painting for life","potentialAction":[{"@type":"SearchAction","target":{"@type":"EntryPoint","urlTemplate":"https:\/\/davidstrauss.site\/?s={search_term_string}"},"query-input":{"@type":"PropertyValueSpecification","valueRequired":true,"valueName":"search_term_string"}}],"inLanguage":"en-US"}]}},"_links":{"self":[{"href":"https:\/\/davidstrauss.site\/index.php?rest_route=\/wp\/v2\/pages\/196","targetHints":{"allow":["GET"]}}],"collection":[{"href":"https:\/\/davidstrauss.site\/index.php?rest_route=\/wp\/v2\/pages"}],"about":[{"href":"https:\/\/davidstrauss.site\/index.php?rest_route=\/wp\/v2\/types\/page"}],"author":[{"embeddable":true,"href":"https:\/\/davidstrauss.site\/index.php?rest_route=\/wp\/v2\/users\/1"}],"replies":[{"embeddable":true,"href":"https:\/\/davidstrauss.site\/index.php?rest_route=%2Fwp%2Fv2%2Fcomments&post=196"}],"version-history":[{"count":5,"href":"https:\/\/davidstrauss.site\/index.php?rest_route=\/wp\/v2\/pages\/196\/revisions"}],"predecessor-version":[{"id":3078,"href":"https:\/\/davidstrauss.site\/index.php?rest_route=\/wp\/v2\/pages\/196\/revisions\/3078"}],"wp:attachment":[{"href":"https:\/\/davidstrauss.site\/index.php?rest_route=%2Fwp%2Fv2%2Fmedia&parent=196"}],"curies":[{"name":"wp","href":"https:\/\/api.w.org\/{rel}","templated":true}]}}