{"id":115,"date":"2018-10-28T19:40:04","date_gmt":"2018-10-28T19:40:04","guid":{"rendered":"https:\/\/davidstrauss.site\/?page_id=115"},"modified":"2018-10-28T19:40:12","modified_gmt":"2018-10-28T19:40:12","slug":"quien-es-nosotros","status":"publish","type":"page","link":"https:\/\/davidstrauss.site\/?page_id=115&lang=es","title":{"rendered":"\u00bfQui\u00e9n es Nosotros?"},"content":{"rendered":"\n<p> \u00bfQui\u00e9n es nosotros? \u00bfQu\u00e9 nos define? \u00bfQu\u00e9 nos hace nosotros, en comparaci\u00f3n con los dem\u00e1s?<\/p>\n\n\n\n<p>Primer intento: <br>Yo soy nosotros. Claramente, yo soy yo. Y quien no es yo, no es nosotros. Sus mundos son diferentes, no puedo sentir lo que ellos sienten. Por lo tanto, ellos no son yo. Y ellos no son nosotros.<br>Sin embargo, \u00bfpor qu\u00e9 entonces extendemos los derechos y deberes que nos obligamos a otros? \u00bfPor qu\u00e9 siento que (algunos de) mi familia, amigos, etc. merecen lo mismo que yo merezco? Al extender estos derechos (y deberes) a otros, se queda claro que yo no soy nosotros. Formo parte de nosotros. Pero no defino el total de nosotros.<\/p>\n\n\n\n<p>Segundo intento: <br>Mi familia es nosotros. Claramente, formo parte de nosotros. Mi familia es la extensi\u00f3n de yo mismo, y les extiendo los derechos que quiero para m\u00ed. Pero, una vez m\u00e1s, \u00bfpor qu\u00e9 extiendo los derechos a los amigos y, a veces, incluso a extra\u00f1os? \u00bfPor qu\u00e9 a menudo me siento mal cuando no extiendo estos derechos a alguien? Adem\u00e1s, \u00bfcu\u00e1l deber\u00eda ser el criterio de definici\u00f3n si la familia fuera nosotros? La definici\u00f3n de nosotros es la familia XYZ. \u00bfPor qu\u00e9 no alguna otra familia? La mera arbitrariedad de esa definici\u00f3n de nosotros me hace temblar.<\/p>\n\n\n\n<p>Tercer (y cuarto a d\u00e9cimo) intento:<br>Mi naci\u00f3n es nosotros. (Mi religi\u00f3n es nosotros. Mi color de piel es nosotros. Mi regi\u00f3n es nosotros. Mi g\u00e9nero es nosotros. Mi partido pol\u00edtico es nosotros. Mi clase social es nosotros. Mi tipo de sangre es<br>nosotros.)<br>Estas son todas extensiones del YO a alg\u00fan grupo de humanos que comparten ciertos rasgos conmigo. Sin embargo, en cada una de estas definiciones, hay otros (excluidos del nosotros) que son muy parecidos a<br>nosotros. \u00bfSe est\u00e1 convirtiendo alguien en nosotros si se muda a mi regi\u00f3n, naci\u00f3n? \u00bfSi se convierte a mi religi\u00f3n? \u00bfSi adapta el mismo g\u00e9nero? Parece que todas estas clasificaciones implican que hay unos de los otros que son mucho m\u00e1s parecidos a m\u00ed que algunos miembros de nosotros.<\/p>\n\n\n\n<p>Und\u00e9cimo intento: <br>Toda la humanidad es nosotros. Esto parece una suposici\u00f3n razonable, inmune a todas las objeciones anteriores contra las definiciones de nosotros. Sin embargo, \u00bfcu\u00e1l es el criterio de definici\u00f3n? <\/p>\n\n\n\n<p><br>\u00bfConciencia? \u00bfQu\u00e9 dir\u00edamos de un ser humano que no es consciente? Que<br>no es nosotros? Un humano que camina como nosotros, respira como nosotros, habla como nosotros, siente como nosotros. Pero haciendo todas estas cosas inconscientemente. \u00bfDeja de ser nosotros? Probablemente no, en particular, si consideramos que el grado de conciencia var\u00eda entre los seres humanos, y entre uno mismo en diferentes momentos. <\/p>\n\n\n\n<p>\u00bfLa capacidad de sentir dolor y alegr\u00eda? \u00bfQu\u00e9 dir\u00edamos de un humano que no puede experimentar dolor y alegr\u00eda? \u00bfDejar\u00eda de ser nosotros? \u00bfAplicar\u00edamos diferentes leyes hacia ese ser humano? Muchas personas experimentan tanto el dolor como la alegr\u00eda muy diferente. \u00bfQuien soy yo para juzgar? Me dar\u00eda pena o envidia, pero no cesar\u00eda formar parte de nosotros.<\/p>\n\n\n\n<p>\u00bfEstar vivo? \u00bfQu\u00e9 dir\u00edamos de un ser humano que no est\u00e1 vivo? Cesar\u00eda de ser nosotros? Dejamos de extender los mismos derechos a una persona que no est\u00e1 viva que a nosotros mismos? Al parecer, si. Le tenemos respeto, etc. pero no le tratar\u00edamos igual como a un ser humano vivo&#8230; \u00bfQu\u00e9 implica eso?<br><\/p>\n\n\n\n<p>Duod\u00e9cimo intento: <\/p>\n\n\n\n<p>Todo vivo es nosotros.<\/p>\n","protected":false},"excerpt":{"rendered":"<p>\u00bfQui\u00e9n es nosotros? \u00bfQu\u00e9 nos define? \u00bfQu\u00e9 nos hace nosotros, en comparaci\u00f3n con los dem\u00e1s? Primer intento: Yo soy nosotros. Claramente, yo soy yo. Y quien no es yo, no es nosotros. Sus mundos son diferentes, no puedo sentir lo que ellos sienten. Por lo tanto, ellos no son yo. Y ellos no son nosotros.Sin embargo, \u00bfpor qu\u00e9 entonces extendemos los derechos y deberes que nos obligamos a otros? \u00bfPor<\/p>\n<div class=\"read-more\"><a class=\"btn read-more-btn\" href=\"https:\/\/davidstrauss.site\/?page_id=115&#038;lang=es\">Read More<\/a><\/div>\n","protected":false},"author":1,"featured_media":0,"parent":0,"menu_order":0,"comment_status":"closed","ping_status":"closed","template":"","meta":{"nf_dc_page":"","_monsterinsights_skip_tracking":false,"_monsterinsights_sitenote_active":false,"_monsterinsights_sitenote_note":"","_monsterinsights_sitenote_category":0,"ngg_post_thumbnail":0,"footnotes":""},"class_list":["post-115","page","type-page","status-publish","hentry"],"yoast_head":"<!-- This site is optimized with the Yoast SEO plugin v24.9 - https:\/\/yoast.com\/wordpress\/plugins\/seo\/ -->\n<title>\u00bfQui\u00e9n es Nosotros? - David Strauss<\/title>\n<meta name=\"robots\" content=\"index, follow, max-snippet:-1, max-image-preview:large, max-video-preview:-1\" \/>\n<link rel=\"canonical\" href=\"https:\/\/davidstrauss.site\/?page_id=115&lang=es\" \/>\n<meta property=\"og:locale\" content=\"en_US\" \/>\n<meta property=\"og:type\" content=\"article\" \/>\n<meta property=\"og:title\" content=\"\u00bfQui\u00e9n es Nosotros? - David Strauss\" \/>\n<meta property=\"og:description\" content=\"\u00bfQui\u00e9n es nosotros? \u00bfQu\u00e9 nos define? \u00bfQu\u00e9 nos hace nosotros, en comparaci\u00f3n con los dem\u00e1s? Primer intento: Yo soy nosotros. Claramente, yo soy yo. Y quien no es yo, no es nosotros. Sus mundos son diferentes, no puedo sentir lo que ellos sienten. Por lo tanto, ellos no son yo. Y ellos no son nosotros.Sin embargo, \u00bfpor qu\u00e9 entonces extendemos los derechos y deberes que nos obligamos a otros? \u00bfPorRead More\" \/>\n<meta property=\"og:url\" content=\"https:\/\/davidstrauss.site\/?page_id=115&amp;lang=es\" \/>\n<meta property=\"og:site_name\" content=\"David Strauss\" \/>\n<meta property=\"article:modified_time\" content=\"2018-10-28T19:40:12+00:00\" \/>\n<meta name=\"twitter:card\" content=\"summary_large_image\" \/>\n<meta name=\"twitter:label1\" content=\"Est. reading time\" \/>\n\t<meta name=\"twitter:data1\" content=\"3 minutes\" \/>\n<script type=\"application\/ld+json\" class=\"yoast-schema-graph\">{\"@context\":\"https:\/\/schema.org\",\"@graph\":[{\"@type\":\"WebPage\",\"@id\":\"https:\/\/davidstrauss.site\/?page_id=115&lang=es\",\"url\":\"https:\/\/davidstrauss.site\/?page_id=115&lang=es\",\"name\":\"\u00bfQui\u00e9n es Nosotros? - David Strauss\",\"isPartOf\":{\"@id\":\"https:\/\/davidstrauss.site\/#website\"},\"datePublished\":\"2018-10-28T19:40:04+00:00\",\"dateModified\":\"2018-10-28T19:40:12+00:00\",\"breadcrumb\":{\"@id\":\"https:\/\/davidstrauss.site\/?page_id=115&lang=es#breadcrumb\"},\"inLanguage\":\"en-US\",\"potentialAction\":[{\"@type\":\"ReadAction\",\"target\":[\"https:\/\/davidstrauss.site\/?page_id=115&lang=es\"]}]},{\"@type\":\"BreadcrumbList\",\"@id\":\"https:\/\/davidstrauss.site\/?page_id=115&lang=es#breadcrumb\",\"itemListElement\":[{\"@type\":\"ListItem\",\"position\":1,\"name\":\"Home\",\"item\":\"https:\/\/davidstrauss.site\/\"},{\"@type\":\"ListItem\",\"position\":2,\"name\":\"\u00bfQui\u00e9n es Nosotros?\"}]},{\"@type\":\"WebSite\",\"@id\":\"https:\/\/davidstrauss.site\/#website\",\"url\":\"https:\/\/davidstrauss.site\/\",\"name\":\"David Strauss\",\"description\":\"Painting for life\",\"potentialAction\":[{\"@type\":\"SearchAction\",\"target\":{\"@type\":\"EntryPoint\",\"urlTemplate\":\"https:\/\/davidstrauss.site\/?s={search_term_string}\"},\"query-input\":{\"@type\":\"PropertyValueSpecification\",\"valueRequired\":true,\"valueName\":\"search_term_string\"}}],\"inLanguage\":\"en-US\"}]}<\/script>\n<!-- \/ Yoast SEO plugin. -->","yoast_head_json":{"title":"\u00bfQui\u00e9n es Nosotros? - David Strauss","robots":{"index":"index","follow":"follow","max-snippet":"max-snippet:-1","max-image-preview":"max-image-preview:large","max-video-preview":"max-video-preview:-1"},"canonical":"https:\/\/davidstrauss.site\/?page_id=115&lang=es","og_locale":"en_US","og_type":"article","og_title":"\u00bfQui\u00e9n es Nosotros? - David Strauss","og_description":"\u00bfQui\u00e9n es nosotros? \u00bfQu\u00e9 nos define? \u00bfQu\u00e9 nos hace nosotros, en comparaci\u00f3n con los dem\u00e1s? Primer intento: Yo soy nosotros. Claramente, yo soy yo. Y quien no es yo, no es nosotros. Sus mundos son diferentes, no puedo sentir lo que ellos sienten. Por lo tanto, ellos no son yo. Y ellos no son nosotros.Sin embargo, \u00bfpor qu\u00e9 entonces extendemos los derechos y deberes que nos obligamos a otros? \u00bfPorRead More","og_url":"https:\/\/davidstrauss.site\/?page_id=115&lang=es","og_site_name":"David Strauss","article_modified_time":"2018-10-28T19:40:12+00:00","twitter_card":"summary_large_image","twitter_misc":{"Est. reading time":"3 minutes"},"schema":{"@context":"https:\/\/schema.org","@graph":[{"@type":"WebPage","@id":"https:\/\/davidstrauss.site\/?page_id=115&lang=es","url":"https:\/\/davidstrauss.site\/?page_id=115&lang=es","name":"\u00bfQui\u00e9n es Nosotros? - David Strauss","isPartOf":{"@id":"https:\/\/davidstrauss.site\/#website"},"datePublished":"2018-10-28T19:40:04+00:00","dateModified":"2018-10-28T19:40:12+00:00","breadcrumb":{"@id":"https:\/\/davidstrauss.site\/?page_id=115&lang=es#breadcrumb"},"inLanguage":"en-US","potentialAction":[{"@type":"ReadAction","target":["https:\/\/davidstrauss.site\/?page_id=115&lang=es"]}]},{"@type":"BreadcrumbList","@id":"https:\/\/davidstrauss.site\/?page_id=115&lang=es#breadcrumb","itemListElement":[{"@type":"ListItem","position":1,"name":"Home","item":"https:\/\/davidstrauss.site\/"},{"@type":"ListItem","position":2,"name":"\u00bfQui\u00e9n es Nosotros?"}]},{"@type":"WebSite","@id":"https:\/\/davidstrauss.site\/#website","url":"https:\/\/davidstrauss.site\/","name":"David Strauss","description":"Painting for life","potentialAction":[{"@type":"SearchAction","target":{"@type":"EntryPoint","urlTemplate":"https:\/\/davidstrauss.site\/?s={search_term_string}"},"query-input":{"@type":"PropertyValueSpecification","valueRequired":true,"valueName":"search_term_string"}}],"inLanguage":"en-US"}]}},"_links":{"self":[{"href":"https:\/\/davidstrauss.site\/index.php?rest_route=\/wp\/v2\/pages\/115","targetHints":{"allow":["GET"]}}],"collection":[{"href":"https:\/\/davidstrauss.site\/index.php?rest_route=\/wp\/v2\/pages"}],"about":[{"href":"https:\/\/davidstrauss.site\/index.php?rest_route=\/wp\/v2\/types\/page"}],"author":[{"embeddable":true,"href":"https:\/\/davidstrauss.site\/index.php?rest_route=\/wp\/v2\/users\/1"}],"replies":[{"embeddable":true,"href":"https:\/\/davidstrauss.site\/index.php?rest_route=%2Fwp%2Fv2%2Fcomments&post=115"}],"version-history":[{"count":2,"href":"https:\/\/davidstrauss.site\/index.php?rest_route=\/wp\/v2\/pages\/115\/revisions"}],"predecessor-version":[{"id":2803,"href":"https:\/\/davidstrauss.site\/index.php?rest_route=\/wp\/v2\/pages\/115\/revisions\/2803"}],"wp:attachment":[{"href":"https:\/\/davidstrauss.site\/index.php?rest_route=%2Fwp%2Fv2%2Fmedia&parent=115"}],"curies":[{"name":"wp","href":"https:\/\/api.w.org\/{rel}","templated":true}]}}