{"id":105,"date":"2018-10-28T19:20:51","date_gmt":"2018-10-28T19:20:51","guid":{"rendered":"https:\/\/davidstrauss.site\/?page_id=105"},"modified":"2018-10-28T19:24:20","modified_gmt":"2018-10-28T19:24:20","slug":"filosofia-de-la-vida","status":"publish","type":"page","link":"https:\/\/davidstrauss.site\/?page_id=105&lang=es","title":{"rendered":"Filosof\u00eda de la vida"},"content":{"rendered":"\n<p>En M\u00e9xico comenc\u00e9 a reflexionar nuevamente sobre las preguntas filos\u00f3ficas b\u00e1sicas. \u00bfPor qu\u00e9 estamos (estoy)? \u00bfQu\u00e9 somos? \u00bfC\u00f3mo estamos?<\/p>\n\n\n\n<p>Durante mis estudios, estuve muy influido por la fenomenolog\u00eda europea moderna, especialmente por Husserl, el joven Heidegger, as\u00ed como por los existencialistas franceses. Sin embargo, \u00faltimamente, en lugar de tratar de reconstruir los pensamientos de otras personas, pens\u00e9 m\u00e1s yo mismo. Despu\u00e9s de alg\u00fan tiempo, me di cuenta de que mis propios hallazgos filos\u00f3ficos eran similares a los del viejo Heidegger. Adem\u00e1s, la filosof\u00eda del budismo zen se encuentra en cierta proximidad a mi pensamiento.<\/p>\n\n\n\n<p>Personalmente, actualmente me llamar\u00eda un fil\u00f3sofo de la vida poco convencido. No estoy convencido, ya que ciertamente no he llegado al final de mi camino de pensar (si eso fuera posible), y, por lo tanto, soy consciente de la incertidumbre y las posibles fallas de mis consideraciones actuales. El fil\u00f3sofo de la vida es m\u00e1s dif\u00edcil de explicar.<\/p>\n\n\n\n<p>En pocas palabras: Partiendo de la fenomenolog\u00eda, primero trat\u00e9 las primeras cosas: las impresiones, lo que ves. (La filosof\u00eda trata lo \u00faltimo como lo primero, y los fen\u00f3menos son lo primero). Consideremos la siguiente observaci\u00f3n:<\/p>\n\n\n\n<figure class=\"wp-block-image\"><img decoding=\"async\" src=\"https:\/\/ae01.alicdn.com\/kf\/HTB1hHRORVXXXXbnXVXXq6xXFXXXz.jpg\" alt=\"\u00c4hnliches Foto\"\/><\/figure>\n\n\n\n<p>Estos son: <br>&#8211; Un recordatorio de mi primer amor. Era primavera, las flores de cerezo florecieron y llevaba un vestido rojo. <br>&#8211; Claramente pl\u00e1stico. \u00bfPor qu\u00e9 la gente compra todo ese pl\u00e1stico? Si fueran reales, ese ramo se ver\u00eda bien. Pero as\u00ed, se ve barato &#8230; <br>&#8211; Un bonito y colorido ramo. Amo el rosa. Ojal\u00e1 tuviera m\u00e1s cosas rosadas. <br>&#8211; Flores en un jarr\u00f3n. \u00bfNo es fant\u00e1stico c\u00f3mo se ven casi reales? Y apuesto a que son de China y cuestan menos de 5 $. Incre\u00edble lo que hoy puede lograr la tecnolog\u00eda.<br>&#8211; PL\u00c1STICO. PL\u00c1STICO. PL\u00c1STICO. Y luego terminan nadando en el mar y destruyendo peces. \u00bfCu\u00e1nto m\u00e1s r\u00e1pido querr\u00e1 la gente destruir este planeta? <br>&#8211; El pl\u00e1stico es un material que consiste en cualquiera de una amplia gama de compuestos org\u00e1nicos sint\u00e9ticos o semisint\u00e9ticos que son maleables y se pueden moldear en objetos s\u00f3lidos. Fascinante hasta d\u00f3nde hemos llegado. Imagina c\u00f3mo cambi\u00f3 la vida en los \u00faltimos cien a\u00f1os. Nosotros conquistamos el mundo. <br>&#8211; Son flores de cerezo: en Jap\u00f3n, una met\u00e1fora de la naturaleza ef\u00edmera de la vida.<br>&#8211; Flores pl\u00e1sticas. Al menos no mataron flores reales para su propia diversi\u00f3n como ramo y las dejaron morir unas semanas antes de que hayan podido desempe\u00f1ar su papel en la naturaleza como diosa para las abejas y las aves. A\u00fan as\u00ed, todo este pl\u00e1stico mata a la naturaleza. <\/p>\n\n\n\n<p>Todas estas afirmaciones son ciertas (al menos para algunos de nosotros). Es importante comprender que no haya alguna cosa detr\u00e1s de todas estas interpretaciones que podemos adjuntar. Alguna verdad real que lo subyace. (Puede haber, pero en el momento en que lo miramos y vemos el recordatorio de nuestro primer amor, eso es lo que son. Y eso es lo que vemos.) Por lo tanto, diferentes personas pueden y ven cosas diferentes cuando miran la misma cosa (no quiero decir objeto, ya que es solo otra forma de ver las cosas &#8230; como toda la visi\u00f3n f\u00edsica moderna de la materia.)<\/p>\n\n\n\n<p>No quiero ahondar m\u00e1s aqu\u00ed en ese tema. Pero, comenc\u00e9 a entender la relatividad de los mundos. C\u00f3mo (por alguna raz\u00f3n que no se discute aqu\u00ed) las personas ven cosas completamente diferentes cuando miran algo. Y c\u00f3mo no solo difieren lo que ven, sino tambi\u00e9n sus sentimientos contra las cosas (o acciones). Algunas de las observaciones anteriores implican un gusto por las flores de cerezo de pl\u00e1stico en un florero, otras muestran un disgusto evidente.<\/p>\n\n\n\n<p>La relatividad de los mundos, la nada detr\u00e1s de ellos, nos hace preguntarnos si existe una verdadera naturaleza de las cosas (de ser), o si todos los mundos llevan la misma verdad (es decir, ninguna) en s\u00ed mismos.<\/p>\n\n\n\n<p>En este punto, el budismo, Heidegger y yo divergimos. Heidegger se acerca a vivir en el idioma (ver el poema de Georges &#8220;La Palabra&#8221;). El budista zen Nishitani y otros dicen que hay un verdadero ser. Me encantar\u00eda coincidir con Nishitani, pero no puedo (hasta ahora). <\/p>\n\n\n\n<p>Mi posici\u00f3n actual es inmadura, como debe ser en el camino de la vida. La palabra como la primera categorizaci\u00f3n es probablemente el primer paso hacia un ser humano instrumentalizador. Lo que trajo muchos logros. Pero al mismo tiempo, coloca a las personas a una gran distancia de las cosas que solo nos parecen material que puede ser dominado e instrumentalizado.<\/p>\n\n\n\n<p>Sin entrar en la cuesti\u00f3n de si es bueno instrumentalizar la materia muerta (como el agua y la roca), me queda claro que la instrumentalizaci\u00f3n de los seres vivos no es buena. Considerar las plantas, los hongos, los animales y otras formas de vida, solo en lo que respresenta su uso para nosotros. Esto, por supuesto, visto desde mi mundo.<\/p>\n\n\n\n<p>En un experimento filos\u00f3fico l\u00f3gico, luego trato de comparar mundos. Se trata de ponerse uno mismo detr\u00e1s del velo de la ignorancia. Si no s\u00e9 en qu\u00e9 mundo nazco, \u00bfhay mundos que prefiero a otros?<\/p>\n\n\n\n<p>Parece intuitivo que el mundo nazi no era bueno.<\/p>\n\n\n\n<p>Y llego a la visi\u00f3n de que todas las formas de vida son iguales. Nada m\u00e1s que diferentes representantes de la misma cosa. Reflexiones en un espejo. \u00bfY c\u00f3mo podr\u00eda entonces tratarlos o respetarlos de manera diferente a como me respeto y trato a m\u00ed mismo?<\/p>\n","protected":false},"excerpt":{"rendered":"<p>En M\u00e9xico comenc\u00e9 a reflexionar nuevamente sobre las preguntas filos\u00f3ficas b\u00e1sicas. \u00bfPor qu\u00e9 estamos (estoy)? \u00bfQu\u00e9 somos? \u00bfC\u00f3mo estamos? Durante mis estudios, estuve muy influido por la fenomenolog\u00eda europea moderna, especialmente por Husserl, el joven Heidegger, as\u00ed como por los existencialistas franceses. Sin embargo, \u00faltimamente, en lugar de tratar de reconstruir los pensamientos de otras personas, pens\u00e9 m\u00e1s yo mismo. Despu\u00e9s de alg\u00fan tiempo, me di cuenta de que mis<\/p>\n<div class=\"read-more\"><a class=\"btn read-more-btn\" href=\"https:\/\/davidstrauss.site\/?page_id=105&#038;lang=es\">Read More<\/a><\/div>\n","protected":false},"author":1,"featured_media":0,"parent":0,"menu_order":0,"comment_status":"closed","ping_status":"closed","template":"","meta":{"nf_dc_page":"","_monsterinsights_skip_tracking":false,"_monsterinsights_sitenote_active":false,"_monsterinsights_sitenote_note":"","_monsterinsights_sitenote_category":0,"ngg_post_thumbnail":0,"footnotes":""},"class_list":["post-105","page","type-page","status-publish","hentry"],"yoast_head":"<!-- This site is optimized with the Yoast SEO plugin v24.9 - https:\/\/yoast.com\/wordpress\/plugins\/seo\/ -->\n<title>Filosof\u00eda de la vida - David Strauss<\/title>\n<meta name=\"robots\" content=\"index, follow, max-snippet:-1, max-image-preview:large, max-video-preview:-1\" \/>\n<link rel=\"canonical\" href=\"https:\/\/davidstrauss.site\/?page_id=105&lang=es\" \/>\n<meta property=\"og:locale\" content=\"en_US\" \/>\n<meta property=\"og:type\" content=\"article\" \/>\n<meta property=\"og:title\" content=\"Filosof\u00eda de la vida - David Strauss\" \/>\n<meta property=\"og:description\" content=\"En M\u00e9xico comenc\u00e9 a reflexionar nuevamente sobre las preguntas filos\u00f3ficas b\u00e1sicas. \u00bfPor qu\u00e9 estamos (estoy)? \u00bfQu\u00e9 somos? \u00bfC\u00f3mo estamos? Durante mis estudios, estuve muy influido por la fenomenolog\u00eda europea moderna, especialmente por Husserl, el joven Heidegger, as\u00ed como por los existencialistas franceses. Sin embargo, \u00faltimamente, en lugar de tratar de reconstruir los pensamientos de otras personas, pens\u00e9 m\u00e1s yo mismo. Despu\u00e9s de alg\u00fan tiempo, me di cuenta de que misRead More\" \/>\n<meta property=\"og:url\" content=\"https:\/\/davidstrauss.site\/?page_id=105&amp;lang=es\" \/>\n<meta property=\"og:site_name\" content=\"David Strauss\" \/>\n<meta property=\"article:modified_time\" content=\"2018-10-28T19:24:20+00:00\" \/>\n<meta property=\"og:image\" content=\"https:\/\/ae01.alicdn.com\/kf\/HTB1hHRORVXXXXbnXVXXq6xXFXXXz.jpg\" \/>\n<meta name=\"twitter:card\" content=\"summary_large_image\" \/>\n<meta name=\"twitter:label1\" content=\"Est. reading time\" \/>\n\t<meta name=\"twitter:data1\" content=\"5 minutes\" \/>\n<script type=\"application\/ld+json\" class=\"yoast-schema-graph\">{\"@context\":\"https:\/\/schema.org\",\"@graph\":[{\"@type\":\"WebPage\",\"@id\":\"https:\/\/davidstrauss.site\/?page_id=105&lang=es\",\"url\":\"https:\/\/davidstrauss.site\/?page_id=105&lang=es\",\"name\":\"Filosof\u00eda de la vida - David Strauss\",\"isPartOf\":{\"@id\":\"https:\/\/davidstrauss.site\/#website\"},\"primaryImageOfPage\":{\"@id\":\"https:\/\/davidstrauss.site\/?page_id=105&lang=es#primaryimage\"},\"image\":{\"@id\":\"https:\/\/davidstrauss.site\/?page_id=105&lang=es#primaryimage\"},\"thumbnailUrl\":\"https:\/\/ae01.alicdn.com\/kf\/HTB1hHRORVXXXXbnXVXXq6xXFXXXz.jpg\",\"datePublished\":\"2018-10-28T19:20:51+00:00\",\"dateModified\":\"2018-10-28T19:24:20+00:00\",\"breadcrumb\":{\"@id\":\"https:\/\/davidstrauss.site\/?page_id=105&lang=es#breadcrumb\"},\"inLanguage\":\"en-US\",\"potentialAction\":[{\"@type\":\"ReadAction\",\"target\":[\"https:\/\/davidstrauss.site\/?page_id=105&lang=es\"]}]},{\"@type\":\"ImageObject\",\"inLanguage\":\"en-US\",\"@id\":\"https:\/\/davidstrauss.site\/?page_id=105&lang=es#primaryimage\",\"url\":\"https:\/\/ae01.alicdn.com\/kf\/HTB1hHRORVXXXXbnXVXXq6xXFXXXz.jpg\",\"contentUrl\":\"https:\/\/ae01.alicdn.com\/kf\/HTB1hHRORVXXXXbnXVXXq6xXFXXXz.jpg\"},{\"@type\":\"BreadcrumbList\",\"@id\":\"https:\/\/davidstrauss.site\/?page_id=105&lang=es#breadcrumb\",\"itemListElement\":[{\"@type\":\"ListItem\",\"position\":1,\"name\":\"Home\",\"item\":\"https:\/\/davidstrauss.site\/\"},{\"@type\":\"ListItem\",\"position\":2,\"name\":\"Filosof\u00eda de la vida\"}]},{\"@type\":\"WebSite\",\"@id\":\"https:\/\/davidstrauss.site\/#website\",\"url\":\"https:\/\/davidstrauss.site\/\",\"name\":\"David Strauss\",\"description\":\"Painting for life\",\"potentialAction\":[{\"@type\":\"SearchAction\",\"target\":{\"@type\":\"EntryPoint\",\"urlTemplate\":\"https:\/\/davidstrauss.site\/?s={search_term_string}\"},\"query-input\":{\"@type\":\"PropertyValueSpecification\",\"valueRequired\":true,\"valueName\":\"search_term_string\"}}],\"inLanguage\":\"en-US\"}]}<\/script>\n<!-- \/ Yoast SEO plugin. -->","yoast_head_json":{"title":"Filosof\u00eda de la vida - David Strauss","robots":{"index":"index","follow":"follow","max-snippet":"max-snippet:-1","max-image-preview":"max-image-preview:large","max-video-preview":"max-video-preview:-1"},"canonical":"https:\/\/davidstrauss.site\/?page_id=105&lang=es","og_locale":"en_US","og_type":"article","og_title":"Filosof\u00eda de la vida - David Strauss","og_description":"En M\u00e9xico comenc\u00e9 a reflexionar nuevamente sobre las preguntas filos\u00f3ficas b\u00e1sicas. \u00bfPor qu\u00e9 estamos (estoy)? \u00bfQu\u00e9 somos? \u00bfC\u00f3mo estamos? Durante mis estudios, estuve muy influido por la fenomenolog\u00eda europea moderna, especialmente por Husserl, el joven Heidegger, as\u00ed como por los existencialistas franceses. Sin embargo, \u00faltimamente, en lugar de tratar de reconstruir los pensamientos de otras personas, pens\u00e9 m\u00e1s yo mismo. Despu\u00e9s de alg\u00fan tiempo, me di cuenta de que misRead More","og_url":"https:\/\/davidstrauss.site\/?page_id=105&lang=es","og_site_name":"David Strauss","article_modified_time":"2018-10-28T19:24:20+00:00","og_image":[{"url":"https:\/\/ae01.alicdn.com\/kf\/HTB1hHRORVXXXXbnXVXXq6xXFXXXz.jpg","type":"","width":"","height":""}],"twitter_card":"summary_large_image","twitter_misc":{"Est. reading time":"5 minutes"},"schema":{"@context":"https:\/\/schema.org","@graph":[{"@type":"WebPage","@id":"https:\/\/davidstrauss.site\/?page_id=105&lang=es","url":"https:\/\/davidstrauss.site\/?page_id=105&lang=es","name":"Filosof\u00eda de la vida - David Strauss","isPartOf":{"@id":"https:\/\/davidstrauss.site\/#website"},"primaryImageOfPage":{"@id":"https:\/\/davidstrauss.site\/?page_id=105&lang=es#primaryimage"},"image":{"@id":"https:\/\/davidstrauss.site\/?page_id=105&lang=es#primaryimage"},"thumbnailUrl":"https:\/\/ae01.alicdn.com\/kf\/HTB1hHRORVXXXXbnXVXXq6xXFXXXz.jpg","datePublished":"2018-10-28T19:20:51+00:00","dateModified":"2018-10-28T19:24:20+00:00","breadcrumb":{"@id":"https:\/\/davidstrauss.site\/?page_id=105&lang=es#breadcrumb"},"inLanguage":"en-US","potentialAction":[{"@type":"ReadAction","target":["https:\/\/davidstrauss.site\/?page_id=105&lang=es"]}]},{"@type":"ImageObject","inLanguage":"en-US","@id":"https:\/\/davidstrauss.site\/?page_id=105&lang=es#primaryimage","url":"https:\/\/ae01.alicdn.com\/kf\/HTB1hHRORVXXXXbnXVXXq6xXFXXXz.jpg","contentUrl":"https:\/\/ae01.alicdn.com\/kf\/HTB1hHRORVXXXXbnXVXXq6xXFXXXz.jpg"},{"@type":"BreadcrumbList","@id":"https:\/\/davidstrauss.site\/?page_id=105&lang=es#breadcrumb","itemListElement":[{"@type":"ListItem","position":1,"name":"Home","item":"https:\/\/davidstrauss.site\/"},{"@type":"ListItem","position":2,"name":"Filosof\u00eda de la vida"}]},{"@type":"WebSite","@id":"https:\/\/davidstrauss.site\/#website","url":"https:\/\/davidstrauss.site\/","name":"David Strauss","description":"Painting for life","potentialAction":[{"@type":"SearchAction","target":{"@type":"EntryPoint","urlTemplate":"https:\/\/davidstrauss.site\/?s={search_term_string}"},"query-input":{"@type":"PropertyValueSpecification","valueRequired":true,"valueName":"search_term_string"}}],"inLanguage":"en-US"}]}},"_links":{"self":[{"href":"https:\/\/davidstrauss.site\/index.php?rest_route=\/wp\/v2\/pages\/105","targetHints":{"allow":["GET"]}}],"collection":[{"href":"https:\/\/davidstrauss.site\/index.php?rest_route=\/wp\/v2\/pages"}],"about":[{"href":"https:\/\/davidstrauss.site\/index.php?rest_route=\/wp\/v2\/types\/page"}],"author":[{"embeddable":true,"href":"https:\/\/davidstrauss.site\/index.php?rest_route=\/wp\/v2\/users\/1"}],"replies":[{"embeddable":true,"href":"https:\/\/davidstrauss.site\/index.php?rest_route=%2Fwp%2Fv2%2Fcomments&post=105"}],"version-history":[{"count":2,"href":"https:\/\/davidstrauss.site\/index.php?rest_route=\/wp\/v2\/pages\/105\/revisions"}],"predecessor-version":[{"id":114,"href":"https:\/\/davidstrauss.site\/index.php?rest_route=\/wp\/v2\/pages\/105\/revisions\/114"}],"wp:attachment":[{"href":"https:\/\/davidstrauss.site\/index.php?rest_route=%2Fwp%2Fv2%2Fmedia&parent=105"}],"curies":[{"name":"wp","href":"https:\/\/api.w.org\/{rel}","templated":true}]}}